{"id":1023,"date":"2020-07-01T19:03:34","date_gmt":"2020-07-01T19:03:34","guid":{"rendered":"https:\/\/romanticdays.eu\/?page_id=1023"},"modified":"2025-10-21T19:17:58","modified_gmt":"2025-10-21T19:17:58","slug":"index","status":"publish","type":"page","link":"https:\/\/romanticdays.eu\/cs\/","title":{"rendered":"Dom\u016f"},"content":{"rendered":"<p data-start=\"62\" data-end=\"254\">Svatby, v\u00fdro\u010d\u00ed, z\u00e1snuby a gender p\u00e1rty jsou jedny z nejd\u016fle\u017eit\u011bj\u0161\u00edch okam\u017eik\u016f va\u0161eho \u017eivota. <strong>Romantic Days a j\u00e1, Roksolana, pro v\u00e1s vytvo\u0159\u00edme oslavu, kter\u00e1 nav\u017edy z\u016fstane ve va\u0161em srdci.<\/strong><\/p>\n<p data-start=\"256\" data-end=\"479\" data-is-last-node=\"\" data-is-only-node=\"\">Jsme t\u00fdm v\u00e1\u0161niv\u00fdch eventov\u00fdch profesion\u00e1l\u016f se s\u00eddlem v Praze, kte\u0159\u00ed miluj\u00ed svou pr\u00e1ci. Ka\u017ed\u00e1 akce je pro n\u00e1s zdrojem inspirace, emoc\u00ed a precizn\u00edho \u0159emesla. Vytv\u00e1\u0159\u00edme jedine\u010dn\u00e9 a nezapomenuteln\u00e9 z\u00e1\u017eitky, kter\u00e9 spojuj\u00ed srdce.<\/p>\n","protected":false},"excerpt":{"rendered":"<p>Svatby, v\u00fdro\u010d\u00ed, z\u00e1snuby a gender p\u00e1rty jsou jedny z nejd\u016fle\u017eit\u011bj\u0161\u00edch okam\u017eik\u016f va\u0161eho \u017eivota. Romantic Days a j\u00e1, Roksolana, pro v\u00e1s vytvo\u0159\u00edme oslavu, kter\u00e1 nav\u017edy z\u016fstane ve va\u0161em srdci. Jsme t\u00fdm v\u00e1\u0161niv\u00fdch eventov\u00fdch profesion\u00e1l\u016f se s\u00eddlem v Praze, kte\u0159\u00ed miluj\u00ed svou pr\u00e1ci. Ka\u017ed\u00e1 akce je pro n\u00e1s zdrojem inspirace, emoc\u00ed a precizn\u00edho \u0159emesla. Vytv\u00e1\u0159\u00edme jedine\u010dn\u00e9 a [&hellip;]<\/p>\n","protected":false},"author":1,"featured_media":0,"parent":0,"menu_order":0,"comment_status":"closed","ping_status":"closed","template":"","meta":{"footnotes":""},"acf":[],"yoast_head":"<!-- This site is optimized with the Yoast SEO plugin v21.7 - https:\/\/yoast.com\/wordpress\/plugins\/seo\/ -->\n<title>Dom\u016f - Svatby, v\u00fdro\u010d\u00ed a gender reveal party v Praze a na \u010desk\u00fdch z\u00e1mc\u00edch na kl\u00ed\u010d<\/title>\n<meta name=\"robots\" content=\"index, follow, max-snippet:-1, max-image-preview:large, max-video-preview:-1\" \/>\n<link rel=\"canonical\" href=\"https:\/\/romanticdays.eu\/cs\/\" \/>\n<meta property=\"og:locale\" content=\"cs_CZ\" \/>\n<meta property=\"og:type\" content=\"article\" \/>\n<meta property=\"og:title\" content=\"Dom\u016f - Svatby, v\u00fdro\u010d\u00ed a gender reveal party v Praze a na \u010desk\u00fdch z\u00e1mc\u00edch na kl\u00ed\u010d\" \/>\n<meta property=\"og:description\" content=\"Svatby, v\u00fdro\u010d\u00ed, z\u00e1snuby a gender p\u00e1rty jsou jedny z nejd\u016fle\u017eit\u011bj\u0161\u00edch okam\u017eik\u016f va\u0161eho \u017eivota. Romantic Days a j\u00e1, Roksolana, pro v\u00e1s vytvo\u0159\u00edme oslavu, kter\u00e1 nav\u017edy z\u016fstane ve va\u0161em srdci. Jsme t\u00fdm v\u00e1\u0161niv\u00fdch eventov\u00fdch profesion\u00e1l\u016f se s\u00eddlem v Praze, kte\u0159\u00ed miluj\u00ed svou pr\u00e1ci. Ka\u017ed\u00e1 akce je pro n\u00e1s zdrojem inspirace, emoc\u00ed a precizn\u00edho \u0159emesla. Vytv\u00e1\u0159\u00edme jedine\u010dn\u00e9 a [&hellip;]\" \/>\n<meta property=\"og:url\" content=\"https:\/\/romanticdays.eu\/cs\/\" \/>\n<meta property=\"og:site_name\" content=\"Svatby, v\u00fdro\u010d\u00ed a gender reveal party v Praze a na \u010desk\u00fdch z\u00e1mc\u00edch na kl\u00ed\u010d\" \/>\n<meta property=\"article:modified_time\" content=\"2025-10-21T19:17:58+00:00\" \/>\n<meta name=\"twitter:card\" content=\"summary_large_image\" \/>\n<meta name=\"twitter:label1\" content=\"Odhadovan\u00e1 doba \u010dten\u00ed\" \/>\n\t<meta name=\"twitter:data1\" content=\"1 minuta\" \/>\n<script type=\"application\/ld+json\" class=\"yoast-schema-graph\">{\"@context\":\"https:\/\/schema.org\",\"@graph\":[{\"@type\":\"WebPage\",\"@id\":\"https:\/\/romanticdays.eu\/cs\/\",\"url\":\"https:\/\/romanticdays.eu\/cs\/\",\"name\":\"Dom\u016f - Svatby, v\u00fdro\u010d\u00ed a gender reveal party v Praze a na \u010desk\u00fdch z\u00e1mc\u00edch na kl\u00ed\u010d\",\"isPartOf\":{\"@id\":\"https:\/\/romanticdays.eu\/#website\"},\"datePublished\":\"2020-07-01T19:03:34+00:00\",\"dateModified\":\"2025-10-21T19:17:58+00:00\",\"breadcrumb\":{\"@id\":\"https:\/\/romanticdays.eu\/cs\/#breadcrumb\"},\"inLanguage\":\"cs\",\"potentialAction\":[{\"@type\":\"ReadAction\",\"target\":[\"https:\/\/romanticdays.eu\/cs\/\"]}]},{\"@type\":\"BreadcrumbList\",\"@id\":\"https:\/\/romanticdays.eu\/cs\/#breadcrumb\",\"itemListElement\":[{\"@type\":\"ListItem\",\"position\":1,\"name\":\"\u0413\u043b\u0430\u0432\u043d\u0430\u044f \u0441\u0442\u0440\u0430\u043d\u0438\u0446\u0430\",\"item\":\"https:\/\/romanticdays.eu\/cs\/\"},{\"@type\":\"ListItem\",\"position\":2,\"name\":\"Dom\u016f\"}]},{\"@type\":\"WebSite\",\"@id\":\"https:\/\/romanticdays.eu\/#website\",\"url\":\"https:\/\/romanticdays.eu\/\",\"name\":\"Svatby, v\u00fdro\u010d\u00ed a gender reveal party v Praze a na \u010desk\u00fdch z\u00e1mc\u00edch na kl\u00ed\u010d\",\"description\":\"Organizujeme akce v\u0161ech form\u00e1t\u016f pro p\u00e1ry z cel\u00e9ho sv\u011bta. Kompletn\u00ed servis \u2014 od n\u00e1padu a\u017e po realizaci.\",\"potentialAction\":[{\"@type\":\"SearchAction\",\"target\":{\"@type\":\"EntryPoint\",\"urlTemplate\":\"https:\/\/romanticdays.eu\/?s={search_term_string}\"},\"query-input\":\"required name=search_term_string\"}],\"inLanguage\":\"cs\"}]}<\/script>\n<!-- \/ Yoast SEO plugin. -->","yoast_head_json":{"title":"Dom\u016f - Svatby, v\u00fdro\u010d\u00ed a gender reveal party v Praze a na \u010desk\u00fdch z\u00e1mc\u00edch na kl\u00ed\u010d","robots":{"index":"index","follow":"follow","max-snippet":"max-snippet:-1","max-image-preview":"max-image-preview:large","max-video-preview":"max-video-preview:-1"},"canonical":"https:\/\/romanticdays.eu\/cs\/","og_locale":"cs_CZ","og_type":"article","og_title":"Dom\u016f - Svatby, v\u00fdro\u010d\u00ed a gender reveal party v Praze a na \u010desk\u00fdch z\u00e1mc\u00edch na kl\u00ed\u010d","og_description":"Svatby, v\u00fdro\u010d\u00ed, z\u00e1snuby a gender p\u00e1rty jsou jedny z nejd\u016fle\u017eit\u011bj\u0161\u00edch okam\u017eik\u016f va\u0161eho \u017eivota. Romantic Days a j\u00e1, Roksolana, pro v\u00e1s vytvo\u0159\u00edme oslavu, kter\u00e1 nav\u017edy z\u016fstane ve va\u0161em srdci. Jsme t\u00fdm v\u00e1\u0161niv\u00fdch eventov\u00fdch profesion\u00e1l\u016f se s\u00eddlem v Praze, kte\u0159\u00ed miluj\u00ed svou pr\u00e1ci. Ka\u017ed\u00e1 akce je pro n\u00e1s zdrojem inspirace, emoc\u00ed a precizn\u00edho \u0159emesla. Vytv\u00e1\u0159\u00edme jedine\u010dn\u00e9 a [&hellip;]","og_url":"https:\/\/romanticdays.eu\/cs\/","og_site_name":"Svatby, v\u00fdro\u010d\u00ed a gender reveal party v Praze a na \u010desk\u00fdch z\u00e1mc\u00edch na kl\u00ed\u010d","article_modified_time":"2025-10-21T19:17:58+00:00","twitter_card":"summary_large_image","twitter_misc":{"Odhadovan\u00e1 doba \u010dten\u00ed":"1 minuta"},"schema":{"@context":"https:\/\/schema.org","@graph":[{"@type":"WebPage","@id":"https:\/\/romanticdays.eu\/cs\/","url":"https:\/\/romanticdays.eu\/cs\/","name":"Dom\u016f - Svatby, v\u00fdro\u010d\u00ed a gender reveal party v Praze a na \u010desk\u00fdch z\u00e1mc\u00edch na kl\u00ed\u010d","isPartOf":{"@id":"https:\/\/romanticdays.eu\/#website"},"datePublished":"2020-07-01T19:03:34+00:00","dateModified":"2025-10-21T19:17:58+00:00","breadcrumb":{"@id":"https:\/\/romanticdays.eu\/cs\/#breadcrumb"},"inLanguage":"cs","potentialAction":[{"@type":"ReadAction","target":["https:\/\/romanticdays.eu\/cs\/"]}]},{"@type":"BreadcrumbList","@id":"https:\/\/romanticdays.eu\/cs\/#breadcrumb","itemListElement":[{"@type":"ListItem","position":1,"name":"\u0413\u043b\u0430\u0432\u043d\u0430\u044f \u0441\u0442\u0440\u0430\u043d\u0438\u0446\u0430","item":"https:\/\/romanticdays.eu\/cs\/"},{"@type":"ListItem","position":2,"name":"Dom\u016f"}]},{"@type":"WebSite","@id":"https:\/\/romanticdays.eu\/#website","url":"https:\/\/romanticdays.eu\/","name":"Svatby, v\u00fdro\u010d\u00ed a gender reveal party v Praze a na \u010desk\u00fdch z\u00e1mc\u00edch na kl\u00ed\u010d","description":"Organizujeme akce v\u0161ech form\u00e1t\u016f pro p\u00e1ry z cel\u00e9ho sv\u011bta. Kompletn\u00ed servis \u2014 od n\u00e1padu a\u017e po realizaci.","potentialAction":[{"@type":"SearchAction","target":{"@type":"EntryPoint","urlTemplate":"https:\/\/romanticdays.eu\/?s={search_term_string}"},"query-input":"required name=search_term_string"}],"inLanguage":"cs"}]}},"_links":{"self":[{"href":"https:\/\/romanticdays.eu\/cs\/wp-json\/wp\/v2\/pages\/1023"}],"collection":[{"href":"https:\/\/romanticdays.eu\/cs\/wp-json\/wp\/v2\/pages"}],"about":[{"href":"https:\/\/romanticdays.eu\/cs\/wp-json\/wp\/v2\/types\/page"}],"author":[{"embeddable":true,"href":"https:\/\/romanticdays.eu\/cs\/wp-json\/wp\/v2\/users\/1"}],"replies":[{"embeddable":true,"href":"https:\/\/romanticdays.eu\/cs\/wp-json\/wp\/v2\/comments?post=1023"}],"version-history":[{"count":20,"href":"https:\/\/romanticdays.eu\/cs\/wp-json\/wp\/v2\/pages\/1023\/revisions"}],"predecessor-version":[{"id":7932,"href":"https:\/\/romanticdays.eu\/cs\/wp-json\/wp\/v2\/pages\/1023\/revisions\/7932"}],"wp:attachment":[{"href":"https:\/\/romanticdays.eu\/cs\/wp-json\/wp\/v2\/media?parent=1023"}],"curies":[{"name":"wp","href":"https:\/\/api.w.org\/{rel}","templated":true}]}}