{"id":2753,"date":"2020-07-12T19:04:06","date_gmt":"2020-07-12T19:04:06","guid":{"rendered":"https:\/\/romanticdays.eu\/?page_id=2753"},"modified":"2026-03-29T23:43:03","modified_gmt":"2026-03-29T23:43:03","slug":"o-nas","status":"publish","type":"page","link":"https:\/\/romanticdays.eu\/cs\/o-nas\/","title":{"rendered":"O m\u011b"},"content":{"rendered":"<p data-start=\"2253\" data-end=\"2482\"><strong>Jmenuji se Roksolana a jsem svatebn\u00ed organiz\u00e1torka v Praze a po cel\u00e9 \u010cesk\u00e9 republice. Vytv\u00e1\u0159\u00edm stylov\u00e9, osobn\u00ed a promy\u0161len\u00e9 svatby a romantick\u00e9 ud\u00e1losti pro zahrani\u010dn\u00ed p\u00e1ry a expaty v jednom z nejkr\u00e1sn\u011bj\u0161\u00edch m\u011bst Evropy \u2014 v Praze.<\/strong><\/p>\n<p data-start=\"2489\" data-end=\"2958\">Moje profesn\u00ed cesta za\u010dala v \u010cesk\u00e9 republice, kde jsem z\u00edskala vysoko\u0161kolsk\u00e9 vzd\u011bl\u00e1n\u00ed a zku\u0161enosti v eventov\u00e9 oblasti \u2014 od pr\u00e1ce v hotelu Hilton Hotels &amp; Resorts a st\u00e1\u017ee v USA a\u017e po mana\u017eerskou pozici v jedn\u00e9 z nejv\u011bt\u0161\u00edch eventov\u00fdch agentur v zemi. Pod\u00edlela jsem se na projektech pro mezin\u00e1rodn\u00ed zna\u010dky jako <span class=\"hover:entity-accent entity-underline inline cursor-pointer align-baseline\"><span class=\"whitespace-normal\">Booking.com<\/span><\/span>, <span class=\"hover:entity-accent entity-underline inline cursor-pointer align-baseline\"><span class=\"whitespace-normal\">MTS<\/span><\/span>, <span class=\"hover:entity-accent entity-underline inline cursor-pointer align-baseline\"><span class=\"whitespace-normal\">Pfizer<\/span><\/span> nebo <span class=\"hover:entity-accent entity-underline inline cursor-pointer align-baseline\"><span class=\"whitespace-normal\">\u0160koda Auto<\/span><\/span>.<\/p>\n<p data-start=\"2965\" data-end=\"3177\"><strong>Od roku 2015<\/strong> se pln\u011b v\u011bnuji svatebn\u00edmu pl\u00e1nov\u00e1n\u00ed a zalo\u017eila jsem t\u00fdm Romantic Days. Dnes se specializujeme na organizaci svateb v Praze a po cel\u00e9 \u010cesk\u00e9 republice \u2014 od prvotn\u00edho n\u00e1padu a\u017e po kompletn\u00ed realizaci. <strong>Nab\u00edz\u00edme kompletn\u00ed organizaci svatby \u2014 od vy\u0159\u00edzen\u00ed dokument\u016f pro ofici\u00e1ln\u00ed s\u0148atek, v\u00fdb\u011bru lokac\u00ed (z\u00e1mky, vily, hotely), tvorby konceptu a designu a\u017e po pl\u00e1nov\u00e1n\u00ed rozpo\u010dtu a koordinaci v den svatby.<\/strong><\/p>\n<p data-start=\"3390\" data-end=\"3557\">Pokud hled\u00e1te svatebn\u00ed organiz\u00e1torku v Praze nebo pl\u00e1nujete svatbu v \u010cesk\u00e9 republice, z\u00edsk\u00e1te nejen organizaci, ale i promy\u0161len\u00fd, estetick\u00fd a opravdu osobn\u00ed z\u00e1\u017eitek. Krom\u011b svateb organizujeme tak\u00e9 \u017e\u00e1dosti o ruku, gender reveal party, v\u00fdro\u010d\u00ed a soukrom\u00e9 oslavy v Praze a na z\u00e1mc\u00edch v \u010cesk\u00e9 republice.<\/p>\n<p data-start=\"3705\" data-end=\"3844\"><strong>V\u011b\u0159\u00edm, \u017ee ka\u017ed\u00fd p\u0159\u00edb\u011bh l\u00e1sky je jedine\u010dn\u00fd. Proto pro ka\u017edou dvojici vytv\u00e1\u0159\u00edme individu\u00e1ln\u00ed koncept pln\u00fd emoc\u00ed, smyslu a d\u016frazu na detail.<\/strong><\/p>\n<p data-start=\"3851\" data-end=\"4026\"><strong>Romantic Days je t\u00fdm, kter\u00fd svou pr\u00e1ci opravdu miluje \u2014 vytv\u00e1\u0159\u00edme stylov\u00e9, harmonick\u00e9 a nezapomenuteln\u00e9 ud\u00e1losti pro ty, kte\u0159\u00ed oce\u0148uj\u00ed kvalitu, estetiku a p\u00e9\u010di o ka\u017ed\u00fd detail.<\/strong><\/p>\n<p>&nbsp;<\/p>\n","protected":false},"excerpt":{"rendered":"<p>Jmenuji se Roksolana a jsem svatebn\u00ed organiz\u00e1torka v Praze a po cel\u00e9 \u010cesk\u00e9 republice. Vytv\u00e1\u0159\u00edm stylov\u00e9, osobn\u00ed a promy\u0161len\u00e9 svatby a romantick\u00e9 ud\u00e1losti pro zahrani\u010dn\u00ed p\u00e1ry a expaty v jednom z nejkr\u00e1sn\u011bj\u0161\u00edch m\u011bst Evropy \u2014 v Praze. Moje profesn\u00ed cesta za\u010dala v \u010cesk\u00e9 republice, kde jsem z\u00edskala vysoko\u0161kolsk\u00e9 vzd\u011bl\u00e1n\u00ed a zku\u0161enosti v eventov\u00e9 oblasti \u2014 [&hellip;]<\/p>\n","protected":false},"author":1,"featured_media":5769,"parent":0,"menu_order":0,"comment_status":"closed","ping_status":"closed","template":"page-about.php","meta":{"footnotes":""},"acf":[],"yoast_head":"<!-- This site is optimized with the Yoast SEO plugin v21.7 - https:\/\/yoast.com\/wordpress\/plugins\/seo\/ -->\n<title>O m\u011b - Svatby, v\u00fdro\u010d\u00ed a gender reveal party v Praze a na \u010desk\u00fdch z\u00e1mc\u00edch na kl\u00ed\u010d<\/title>\n<meta name=\"robots\" content=\"index, follow, max-snippet:-1, max-image-preview:large, max-video-preview:-1\" \/>\n<link rel=\"canonical\" href=\"https:\/\/romanticdays.eu\/cs\/o-nas\/\" \/>\n<meta property=\"og:locale\" content=\"cs_CZ\" \/>\n<meta property=\"og:type\" content=\"article\" \/>\n<meta property=\"og:title\" content=\"O m\u011b - Svatby, v\u00fdro\u010d\u00ed a gender reveal party v Praze a na \u010desk\u00fdch z\u00e1mc\u00edch na kl\u00ed\u010d\" \/>\n<meta property=\"og:description\" content=\"Jmenuji se Roksolana a jsem svatebn\u00ed organiz\u00e1torka v Praze a po cel\u00e9 \u010cesk\u00e9 republice. Vytv\u00e1\u0159\u00edm stylov\u00e9, osobn\u00ed a promy\u0161len\u00e9 svatby a romantick\u00e9 ud\u00e1losti pro zahrani\u010dn\u00ed p\u00e1ry a expaty v jednom z nejkr\u00e1sn\u011bj\u0161\u00edch m\u011bst Evropy \u2014 v Praze. Moje profesn\u00ed cesta za\u010dala v \u010cesk\u00e9 republice, kde jsem z\u00edskala vysoko\u0161kolsk\u00e9 vzd\u011bl\u00e1n\u00ed a zku\u0161enosti v eventov\u00e9 oblasti \u2014 [&hellip;]\" \/>\n<meta property=\"og:url\" content=\"https:\/\/romanticdays.eu\/cs\/o-nas\/\" \/>\n<meta property=\"og:site_name\" content=\"Svatby, v\u00fdro\u010d\u00ed a gender reveal party v Praze a na \u010desk\u00fdch z\u00e1mc\u00edch na kl\u00ed\u010d\" \/>\n<meta property=\"article:modified_time\" content=\"2026-03-29T23:43:03+00:00\" \/>\n<meta property=\"og:image\" content=\"https:\/\/romanticdays.eu\/wp-content\/uploads\/2024\/02\/IMG_0774_1.jpeg\" \/>\n\t<meta property=\"og:image:width\" content=\"1533\" \/>\n\t<meta property=\"og:image:height\" content=\"2300\" \/>\n\t<meta property=\"og:image:type\" content=\"image\/jpeg\" \/>\n<meta name=\"twitter:card\" content=\"summary_large_image\" \/>\n<meta name=\"twitter:label1\" content=\"Odhadovan\u00e1 doba \u010dten\u00ed\" \/>\n\t<meta name=\"twitter:data1\" content=\"2 minuty\" \/>\n<script type=\"application\/ld+json\" class=\"yoast-schema-graph\">{\"@context\":\"https:\/\/schema.org\",\"@graph\":[{\"@type\":\"WebPage\",\"@id\":\"https:\/\/romanticdays.eu\/cs\/o-nas\/\",\"url\":\"https:\/\/romanticdays.eu\/cs\/o-nas\/\",\"name\":\"O m\u011b - Svatby, v\u00fdro\u010d\u00ed a gender reveal party v Praze a na \u010desk\u00fdch z\u00e1mc\u00edch na kl\u00ed\u010d\",\"isPartOf\":{\"@id\":\"https:\/\/romanticdays.eu\/#website\"},\"datePublished\":\"2020-07-12T19:04:06+00:00\",\"dateModified\":\"2026-03-29T23:43:03+00:00\",\"breadcrumb\":{\"@id\":\"https:\/\/romanticdays.eu\/cs\/o-nas\/#breadcrumb\"},\"inLanguage\":\"cs\",\"potentialAction\":[{\"@type\":\"ReadAction\",\"target\":[\"https:\/\/romanticdays.eu\/cs\/o-nas\/\"]}]},{\"@type\":\"BreadcrumbList\",\"@id\":\"https:\/\/romanticdays.eu\/cs\/o-nas\/#breadcrumb\",\"itemListElement\":[{\"@type\":\"ListItem\",\"position\":1,\"name\":\"\u0413\u043b\u0430\u0432\u043d\u0430\u044f \u0441\u0442\u0440\u0430\u043d\u0438\u0446\u0430\",\"item\":\"https:\/\/romanticdays.eu\/cs\/\"},{\"@type\":\"ListItem\",\"position\":2,\"name\":\"O m\u011b\"}]},{\"@type\":\"WebSite\",\"@id\":\"https:\/\/romanticdays.eu\/#website\",\"url\":\"https:\/\/romanticdays.eu\/\",\"name\":\"Svatby, v\u00fdro\u010d\u00ed a gender reveal party v Praze a na \u010desk\u00fdch z\u00e1mc\u00edch na kl\u00ed\u010d\",\"description\":\"Organizujeme akce v\u0161ech form\u00e1t\u016f pro p\u00e1ry z cel\u00e9ho sv\u011bta. Kompletn\u00ed servis \u2014 od n\u00e1padu a\u017e po realizaci.\",\"potentialAction\":[{\"@type\":\"SearchAction\",\"target\":{\"@type\":\"EntryPoint\",\"urlTemplate\":\"https:\/\/romanticdays.eu\/?s={search_term_string}\"},\"query-input\":\"required name=search_term_string\"}],\"inLanguage\":\"cs\"}]}<\/script>\n<!-- \/ Yoast SEO plugin. -->","yoast_head_json":{"title":"O m\u011b - Svatby, v\u00fdro\u010d\u00ed a gender reveal party v Praze a na \u010desk\u00fdch z\u00e1mc\u00edch na kl\u00ed\u010d","robots":{"index":"index","follow":"follow","max-snippet":"max-snippet:-1","max-image-preview":"max-image-preview:large","max-video-preview":"max-video-preview:-1"},"canonical":"https:\/\/romanticdays.eu\/cs\/o-nas\/","og_locale":"cs_CZ","og_type":"article","og_title":"O m\u011b - Svatby, v\u00fdro\u010d\u00ed a gender reveal party v Praze a na \u010desk\u00fdch z\u00e1mc\u00edch na kl\u00ed\u010d","og_description":"Jmenuji se Roksolana a jsem svatebn\u00ed organiz\u00e1torka v Praze a po cel\u00e9 \u010cesk\u00e9 republice. Vytv\u00e1\u0159\u00edm stylov\u00e9, osobn\u00ed a promy\u0161len\u00e9 svatby a romantick\u00e9 ud\u00e1losti pro zahrani\u010dn\u00ed p\u00e1ry a expaty v jednom z nejkr\u00e1sn\u011bj\u0161\u00edch m\u011bst Evropy \u2014 v Praze. Moje profesn\u00ed cesta za\u010dala v \u010cesk\u00e9 republice, kde jsem z\u00edskala vysoko\u0161kolsk\u00e9 vzd\u011bl\u00e1n\u00ed a zku\u0161enosti v eventov\u00e9 oblasti \u2014 [&hellip;]","og_url":"https:\/\/romanticdays.eu\/cs\/o-nas\/","og_site_name":"Svatby, v\u00fdro\u010d\u00ed a gender reveal party v Praze a na \u010desk\u00fdch z\u00e1mc\u00edch na kl\u00ed\u010d","article_modified_time":"2026-03-29T23:43:03+00:00","og_image":[{"width":1533,"height":2300,"url":"https:\/\/romanticdays.eu\/wp-content\/uploads\/2024\/02\/IMG_0774_1.jpeg","type":"image\/jpeg"}],"twitter_card":"summary_large_image","twitter_misc":{"Odhadovan\u00e1 doba \u010dten\u00ed":"2 minuty"},"schema":{"@context":"https:\/\/schema.org","@graph":[{"@type":"WebPage","@id":"https:\/\/romanticdays.eu\/cs\/o-nas\/","url":"https:\/\/romanticdays.eu\/cs\/o-nas\/","name":"O m\u011b - Svatby, v\u00fdro\u010d\u00ed a gender reveal party v Praze a na \u010desk\u00fdch z\u00e1mc\u00edch na kl\u00ed\u010d","isPartOf":{"@id":"https:\/\/romanticdays.eu\/#website"},"datePublished":"2020-07-12T19:04:06+00:00","dateModified":"2026-03-29T23:43:03+00:00","breadcrumb":{"@id":"https:\/\/romanticdays.eu\/cs\/o-nas\/#breadcrumb"},"inLanguage":"cs","potentialAction":[{"@type":"ReadAction","target":["https:\/\/romanticdays.eu\/cs\/o-nas\/"]}]},{"@type":"BreadcrumbList","@id":"https:\/\/romanticdays.eu\/cs\/o-nas\/#breadcrumb","itemListElement":[{"@type":"ListItem","position":1,"name":"\u0413\u043b\u0430\u0432\u043d\u0430\u044f \u0441\u0442\u0440\u0430\u043d\u0438\u0446\u0430","item":"https:\/\/romanticdays.eu\/cs\/"},{"@type":"ListItem","position":2,"name":"O m\u011b"}]},{"@type":"WebSite","@id":"https:\/\/romanticdays.eu\/#website","url":"https:\/\/romanticdays.eu\/","name":"Svatby, v\u00fdro\u010d\u00ed a gender reveal party v Praze a na \u010desk\u00fdch z\u00e1mc\u00edch na kl\u00ed\u010d","description":"Organizujeme akce v\u0161ech form\u00e1t\u016f pro p\u00e1ry z cel\u00e9ho sv\u011bta. Kompletn\u00ed servis \u2014 od n\u00e1padu a\u017e po realizaci.","potentialAction":[{"@type":"SearchAction","target":{"@type":"EntryPoint","urlTemplate":"https:\/\/romanticdays.eu\/?s={search_term_string}"},"query-input":"required name=search_term_string"}],"inLanguage":"cs"}]}},"_links":{"self":[{"href":"https:\/\/romanticdays.eu\/cs\/wp-json\/wp\/v2\/pages\/2753"}],"collection":[{"href":"https:\/\/romanticdays.eu\/cs\/wp-json\/wp\/v2\/pages"}],"about":[{"href":"https:\/\/romanticdays.eu\/cs\/wp-json\/wp\/v2\/types\/page"}],"author":[{"embeddable":true,"href":"https:\/\/romanticdays.eu\/cs\/wp-json\/wp\/v2\/users\/1"}],"replies":[{"embeddable":true,"href":"https:\/\/romanticdays.eu\/cs\/wp-json\/wp\/v2\/comments?post=2753"}],"version-history":[{"count":23,"href":"https:\/\/romanticdays.eu\/cs\/wp-json\/wp\/v2\/pages\/2753\/revisions"}],"predecessor-version":[{"id":8585,"href":"https:\/\/romanticdays.eu\/cs\/wp-json\/wp\/v2\/pages\/2753\/revisions\/8585"}],"wp:featuredmedia":[{"embeddable":true,"href":"https:\/\/romanticdays.eu\/cs\/wp-json\/wp\/v2\/media\/5769"}],"wp:attachment":[{"href":"https:\/\/romanticdays.eu\/cs\/wp-json\/wp\/v2\/media?parent=2753"}],"curies":[{"name":"wp","href":"https:\/\/api.w.org\/{rel}","templated":true}]}}