{"id":2877,"date":"2020-08-01T19:18:21","date_gmt":"2020-08-01T19:18:21","guid":{"rendered":"https:\/\/romanticdays.eu\/?page_id=2877"},"modified":"2021-12-26T17:43:39","modified_gmt":"2021-12-26T17:43:39","slug":"kontakty","status":"publish","type":"page","link":"https:\/\/romanticdays.eu\/cs\/kontakty\/","title":{"rendered":"Kontakty"},"content":{"rendered":"<p>Nev\u00e1hejte n\u00e1s kontaktovat!<\/p>\n","protected":false},"excerpt":{"rendered":"<p>Nev\u00e1hejte n\u00e1s kontaktovat!<\/p>\n","protected":false},"author":18,"featured_media":0,"parent":0,"menu_order":0,"comment_status":"closed","ping_status":"closed","template":"page-contacts.php","meta":{"footnotes":""},"acf":[],"yoast_head":"<!-- This site is optimized with the Yoast SEO plugin v21.7 - https:\/\/yoast.com\/wordpress\/plugins\/seo\/ -->\n<title>Kontakty - Svatby, v\u00fdro\u010d\u00ed a gender reveal party v Praze a na \u010desk\u00fdch z\u00e1mc\u00edch na kl\u00ed\u010d<\/title>\n<meta name=\"robots\" content=\"index, follow, max-snippet:-1, max-image-preview:large, max-video-preview:-1\" \/>\n<link rel=\"canonical\" href=\"https:\/\/romanticdays.eu\/contacts\/\" \/>\n<meta property=\"og:locale\" content=\"cs_CZ\" \/>\n<meta property=\"og:type\" content=\"article\" \/>\n<meta property=\"og:title\" content=\"Kontakty - Svatby, v\u00fdro\u010d\u00ed a gender reveal party v Praze a na \u010desk\u00fdch z\u00e1mc\u00edch na kl\u00ed\u010d\" \/>\n<meta property=\"og:description\" content=\"Nev\u00e1hejte n\u00e1s kontaktovat!\" \/>\n<meta property=\"og:url\" content=\"https:\/\/romanticdays.eu\/contacts\/\" \/>\n<meta property=\"og:site_name\" content=\"Svatby, v\u00fdro\u010d\u00ed a gender reveal party v Praze a na \u010desk\u00fdch z\u00e1mc\u00edch na kl\u00ed\u010d\" \/>\n<meta property=\"article:modified_time\" content=\"2021-12-26T17:43:39+00:00\" \/>\n<meta name=\"twitter:card\" content=\"summary_large_image\" \/>\n<meta name=\"twitter:label1\" content=\"Odhadovan\u00e1 doba \u010dten\u00ed\" \/>\n\t<meta name=\"twitter:data1\" content=\"1 minuta\" \/>\n<script type=\"application\/ld+json\" class=\"yoast-schema-graph\">{\"@context\":\"https:\/\/schema.org\",\"@graph\":[{\"@type\":\"WebPage\",\"@id\":\"https:\/\/romanticdays.eu\/contacts\/\",\"url\":\"https:\/\/romanticdays.eu\/contacts\/\",\"name\":\"Kontakty - Svatby, v\u00fdro\u010d\u00ed a gender reveal party v Praze a na \u010desk\u00fdch z\u00e1mc\u00edch na kl\u00ed\u010d\",\"isPartOf\":{\"@id\":\"https:\/\/romanticdays.eu\/#website\"},\"datePublished\":\"2020-08-01T19:18:21+00:00\",\"dateModified\":\"2021-12-26T17:43:39+00:00\",\"breadcrumb\":{\"@id\":\"https:\/\/romanticdays.eu\/contacts\/#breadcrumb\"},\"inLanguage\":\"cs\",\"potentialAction\":[{\"@type\":\"ReadAction\",\"target\":[\"https:\/\/romanticdays.eu\/contacts\/\"]}]},{\"@type\":\"BreadcrumbList\",\"@id\":\"https:\/\/romanticdays.eu\/contacts\/#breadcrumb\",\"itemListElement\":[{\"@type\":\"ListItem\",\"position\":1,\"name\":\"\u0413\u043b\u0430\u0432\u043d\u0430\u044f \u0441\u0442\u0440\u0430\u043d\u0438\u0446\u0430\",\"item\":\"https:\/\/romanticdays.eu\/cs\/\"},{\"@type\":\"ListItem\",\"position\":2,\"name\":\"Kontakty\"}]},{\"@type\":\"WebSite\",\"@id\":\"https:\/\/romanticdays.eu\/#website\",\"url\":\"https:\/\/romanticdays.eu\/\",\"name\":\"Svatby, v\u00fdro\u010d\u00ed a gender reveal party v Praze a na \u010desk\u00fdch z\u00e1mc\u00edch na kl\u00ed\u010d\",\"description\":\"Organizujeme akce v\u0161ech form\u00e1t\u016f pro p\u00e1ry z cel\u00e9ho sv\u011bta. Kompletn\u00ed servis \u2014 od n\u00e1padu a\u017e po realizaci.\",\"potentialAction\":[{\"@type\":\"SearchAction\",\"target\":{\"@type\":\"EntryPoint\",\"urlTemplate\":\"https:\/\/romanticdays.eu\/?s={search_term_string}\"},\"query-input\":\"required name=search_term_string\"}],\"inLanguage\":\"cs\"}]}<\/script>\n<!-- \/ Yoast SEO plugin. -->","yoast_head_json":{"title":"Kontakty - Svatby, v\u00fdro\u010d\u00ed a gender reveal party v Praze a na \u010desk\u00fdch z\u00e1mc\u00edch na kl\u00ed\u010d","robots":{"index":"index","follow":"follow","max-snippet":"max-snippet:-1","max-image-preview":"max-image-preview:large","max-video-preview":"max-video-preview:-1"},"canonical":"https:\/\/romanticdays.eu\/contacts\/","og_locale":"cs_CZ","og_type":"article","og_title":"Kontakty - Svatby, v\u00fdro\u010d\u00ed a gender reveal party v Praze a na \u010desk\u00fdch z\u00e1mc\u00edch na kl\u00ed\u010d","og_description":"Nev\u00e1hejte n\u00e1s kontaktovat!","og_url":"https:\/\/romanticdays.eu\/contacts\/","og_site_name":"Svatby, v\u00fdro\u010d\u00ed a gender reveal party v Praze a na \u010desk\u00fdch z\u00e1mc\u00edch na kl\u00ed\u010d","article_modified_time":"2021-12-26T17:43:39+00:00","twitter_card":"summary_large_image","twitter_misc":{"Odhadovan\u00e1 doba \u010dten\u00ed":"1 minuta"},"schema":{"@context":"https:\/\/schema.org","@graph":[{"@type":"WebPage","@id":"https:\/\/romanticdays.eu\/contacts\/","url":"https:\/\/romanticdays.eu\/contacts\/","name":"Kontakty - Svatby, v\u00fdro\u010d\u00ed a gender reveal party v Praze a na \u010desk\u00fdch z\u00e1mc\u00edch na kl\u00ed\u010d","isPartOf":{"@id":"https:\/\/romanticdays.eu\/#website"},"datePublished":"2020-08-01T19:18:21+00:00","dateModified":"2021-12-26T17:43:39+00:00","breadcrumb":{"@id":"https:\/\/romanticdays.eu\/contacts\/#breadcrumb"},"inLanguage":"cs","potentialAction":[{"@type":"ReadAction","target":["https:\/\/romanticdays.eu\/contacts\/"]}]},{"@type":"BreadcrumbList","@id":"https:\/\/romanticdays.eu\/contacts\/#breadcrumb","itemListElement":[{"@type":"ListItem","position":1,"name":"\u0413\u043b\u0430\u0432\u043d\u0430\u044f \u0441\u0442\u0440\u0430\u043d\u0438\u0446\u0430","item":"https:\/\/romanticdays.eu\/cs\/"},{"@type":"ListItem","position":2,"name":"Kontakty"}]},{"@type":"WebSite","@id":"https:\/\/romanticdays.eu\/#website","url":"https:\/\/romanticdays.eu\/","name":"Svatby, v\u00fdro\u010d\u00ed a gender reveal party v Praze a na \u010desk\u00fdch z\u00e1mc\u00edch na kl\u00ed\u010d","description":"Organizujeme akce v\u0161ech form\u00e1t\u016f pro p\u00e1ry z cel\u00e9ho sv\u011bta. Kompletn\u00ed servis \u2014 od n\u00e1padu a\u017e po realizaci.","potentialAction":[{"@type":"SearchAction","target":{"@type":"EntryPoint","urlTemplate":"https:\/\/romanticdays.eu\/?s={search_term_string}"},"query-input":"required name=search_term_string"}],"inLanguage":"cs"}]}},"_links":{"self":[{"href":"https:\/\/romanticdays.eu\/cs\/wp-json\/wp\/v2\/pages\/2877"}],"collection":[{"href":"https:\/\/romanticdays.eu\/cs\/wp-json\/wp\/v2\/pages"}],"about":[{"href":"https:\/\/romanticdays.eu\/cs\/wp-json\/wp\/v2\/types\/page"}],"author":[{"embeddable":true,"href":"https:\/\/romanticdays.eu\/cs\/wp-json\/wp\/v2\/users\/18"}],"replies":[{"embeddable":true,"href":"https:\/\/romanticdays.eu\/cs\/wp-json\/wp\/v2\/comments?post=2877"}],"version-history":[{"count":3,"href":"https:\/\/romanticdays.eu\/cs\/wp-json\/wp\/v2\/pages\/2877\/revisions"}],"predecessor-version":[{"id":3607,"href":"https:\/\/romanticdays.eu\/cs\/wp-json\/wp\/v2\/pages\/2877\/revisions\/3607"}],"wp:attachment":[{"href":"https:\/\/romanticdays.eu\/cs\/wp-json\/wp\/v2\/media?parent=2877"}],"curies":[{"name":"wp","href":"https:\/\/api.w.org\/{rel}","templated":true}]}}